{"id":905,"date":"2023-12-07T16:44:35","date_gmt":"2023-12-07T15:44:35","guid":{"rendered":"https:\/\/sunlifehomes-mallorca.com\/datenschutzerklaerung\/"},"modified":"2025-05-30T08:08:02","modified_gmt":"2025-05-30T06:08:02","slug":"politica-de-privacidad","status":"publish","type":"page","link":"https:\/\/sunlifehomes-mallorca.com\/es\/politica-de-privacidad\/","title":{"rendered":"Pol\u00edtica de privacidad"},"content":{"rendered":"\n<h2 class=\"wp-block-heading\">Pol\u00edtica de privacidad<\/h2>\n\n\n\n<p><strong>Persona responsable:<\/strong> Beatrice Bilz<\/p>\n\n\n\n<p><strong>Objeto y legitimaci\u00f3n:<\/strong> Servicios de consultor\u00eda e intermediaci\u00f3n en el sector inmobiliario.<\/p>\n\n\n\n<p><strong>Destinatarios:<\/strong> Sus datos podr\u00e1n ser comunicados a los encargados del tratamiento que prestan servicios a nuestra empresa, as\u00ed como a posibles interesados de PROPIEDAD o terceros necesarios para la prestaci\u00f3n del servicio. Los datos podr\u00e1n ser cedidos a instituciones p\u00fablicas en base a una obligaci\u00f3n legal.<\/p>\n\n\n\n<p><strong>Derechos:<\/strong> Puede ejercitar los derechos de acceso, rectificaci\u00f3n, cancelaci\u00f3n y oposici\u00f3n previstos en la ley dirigi\u00e9ndose a Beatrice Bilz en: <a href=\"mailto:info@sunlifehomes-mallorca.com\">info@sunlifehomes-mallorca.com<\/a><\/p>\n\n\n\n<p><strong>Direcci\u00f3n:<\/strong> Calle Carlos S\u00e1enz de Tejada Garc\u00eda 6, C.C. La Vila, Local 2.13, 07181 Magaluf<br><strong>NIF:<\/strong> B22456750<\/p>\n\n\n\n<p><\/p>\n","protected":false},"excerpt":{"rendered":"<p>Pol\u00edtica de privacidad Persona responsable: Beatrice Bilz Objeto y legitimaci\u00f3n: Servicios de consultor\u00eda e intermediaci\u00f3n en el sector inmobiliario. Destinatarios: Sus datos podr\u00e1n ser comunicados a los encargados del tratamiento que prestan servicios a nuestra empresa, as\u00ed como a posibles interesados de PROPIEDAD o terceros necesarios para la prestaci\u00f3n del servicio. Los datos podr\u00e1n ser [&hellip;]<\/p>\n","protected":false},"author":1,"featured_media":0,"parent":0,"menu_order":0,"comment_status":"closed","ping_status":"closed","template":"","meta":{"footnotes":""},"class_list":["post-905","page","type-page","status-publish","hentry"],"yoast_head":"<!-- This site is optimized with the Yoast SEO plugin v23.9 - https:\/\/yoast.com\/wordpress\/plugins\/seo\/ -->\n<title>Pol\u00edtica de privacidad - Sunlife Homes Mallorca<\/title>\n<meta name=\"robots\" content=\"index, follow, max-snippet:-1, max-image-preview:large, max-video-preview:-1\" \/>\n<link rel=\"canonical\" href=\"https:\/\/sunlifehomes-mallorca.com\/es\/politica-de-privacidad\/\" \/>\n<meta property=\"og:locale\" content=\"es_ES\" \/>\n<meta property=\"og:type\" content=\"article\" \/>\n<meta property=\"og:title\" content=\"Pol\u00edtica de privacidad - Sunlife Homes Mallorca\" \/>\n<meta property=\"og:description\" content=\"Pol\u00edtica de privacidad Persona responsable: Beatrice Bilz Objeto y legitimaci\u00f3n: Servicios de consultor\u00eda e intermediaci\u00f3n en el sector inmobiliario. Destinatarios: Sus datos podr\u00e1n ser comunicados a los encargados del tratamiento que prestan servicios a nuestra empresa, as\u00ed como a posibles interesados de PROPIEDAD o terceros necesarios para la prestaci\u00f3n del servicio. Los datos podr\u00e1n ser [&hellip;]\" \/>\n<meta property=\"og:url\" content=\"https:\/\/sunlifehomes-mallorca.com\/es\/politica-de-privacidad\/\" \/>\n<meta property=\"og:site_name\" content=\"Sunlife Homes Mallorca\" \/>\n<meta property=\"article:modified_time\" content=\"2025-05-30T06:08:02+00:00\" \/>\n<meta name=\"twitter:card\" content=\"summary_large_image\" \/>\n<meta name=\"twitter:label1\" content=\"Tiempo de lectura\" \/>\n\t<meta name=\"twitter:data1\" content=\"1 minuto\" \/>\n<script type=\"application\/ld+json\" class=\"yoast-schema-graph\">{\"@context\":\"https:\/\/schema.org\",\"@graph\":[{\"@type\":\"WebPage\",\"@id\":\"https:\/\/sunlifehomes-mallorca.com\/es\/politica-de-privacidad\/\",\"url\":\"https:\/\/sunlifehomes-mallorca.com\/es\/politica-de-privacidad\/\",\"name\":\"Pol\u00edtica de privacidad - Sunlife Homes Mallorca\",\"isPartOf\":{\"@id\":\"https:\/\/sunlifehomes-mallorca.com\/es\/#website\"},\"datePublished\":\"2023-12-07T15:44:35+00:00\",\"dateModified\":\"2025-05-30T06:08:02+00:00\",\"breadcrumb\":{\"@id\":\"https:\/\/sunlifehomes-mallorca.com\/es\/politica-de-privacidad\/#breadcrumb\"},\"inLanguage\":\"es\",\"potentialAction\":[{\"@type\":\"ReadAction\",\"target\":[\"https:\/\/sunlifehomes-mallorca.com\/es\/politica-de-privacidad\/\"]}]},{\"@type\":\"BreadcrumbList\",\"@id\":\"https:\/\/sunlifehomes-mallorca.com\/es\/politica-de-privacidad\/#breadcrumb\",\"itemListElement\":[{\"@type\":\"ListItem\",\"position\":1,\"name\":\"Startseite\",\"item\":\"https:\/\/sunlifehomes-mallorca.com\/es\/\"},{\"@type\":\"ListItem\",\"position\":2,\"name\":\"Pol\u00edtica de privacidad\"}]},{\"@type\":\"WebSite\",\"@id\":\"https:\/\/sunlifehomes-mallorca.com\/es\/#website\",\"url\":\"https:\/\/sunlifehomes-mallorca.com\/es\/\",\"name\":\"Sunlife Homes Mallorca\",\"description\":\"Real Estate\",\"publisher\":{\"@id\":\"https:\/\/sunlifehomes-mallorca.com\/es\/#organization\"},\"potentialAction\":[{\"@type\":\"SearchAction\",\"target\":{\"@type\":\"EntryPoint\",\"urlTemplate\":\"https:\/\/sunlifehomes-mallorca.com\/es\/?s={search_term_string}\"},\"query-input\":{\"@type\":\"PropertyValueSpecification\",\"valueRequired\":true,\"valueName\":\"search_term_string\"}}],\"inLanguage\":\"es\"},{\"@type\":\"Organization\",\"@id\":\"https:\/\/sunlifehomes-mallorca.com\/es\/#organization\",\"name\":\"Sunlife Homes Mallorca\",\"url\":\"https:\/\/sunlifehomes-mallorca.com\/es\/\",\"logo\":{\"@type\":\"ImageObject\",\"inLanguage\":\"es\",\"@id\":\"https:\/\/sunlifehomes-mallorca.com\/es\/#\/schema\/logo\/image\/\",\"url\":\"https:\/\/sunlifehomes-mallorca.com\/wp-content\/uploads\/2024\/01\/sunlifehomes_mallorcaV6-animiert.svg\",\"contentUrl\":\"https:\/\/sunlifehomes-mallorca.com\/wp-content\/uploads\/2024\/01\/sunlifehomes_mallorcaV6-animiert.svg\",\"width\":265,\"height\":62,\"caption\":\"Sunlife Homes Mallorca\"},\"image\":{\"@id\":\"https:\/\/sunlifehomes-mallorca.com\/es\/#\/schema\/logo\/image\/\"}}]}<\/script>\n<!-- \/ Yoast SEO plugin. -->","yoast_head_json":{"title":"Pol\u00edtica de privacidad - Sunlife Homes Mallorca","robots":{"index":"index","follow":"follow","max-snippet":"max-snippet:-1","max-image-preview":"max-image-preview:large","max-video-preview":"max-video-preview:-1"},"canonical":"https:\/\/sunlifehomes-mallorca.com\/es\/politica-de-privacidad\/","og_locale":"es_ES","og_type":"article","og_title":"Pol\u00edtica de privacidad - Sunlife Homes Mallorca","og_description":"Pol\u00edtica de privacidad Persona responsable: Beatrice Bilz Objeto y legitimaci\u00f3n: Servicios de consultor\u00eda e intermediaci\u00f3n en el sector inmobiliario. Destinatarios: Sus datos podr\u00e1n ser comunicados a los encargados del tratamiento que prestan servicios a nuestra empresa, as\u00ed como a posibles interesados de PROPIEDAD o terceros necesarios para la prestaci\u00f3n del servicio. Los datos podr\u00e1n ser [&hellip;]","og_url":"https:\/\/sunlifehomes-mallorca.com\/es\/politica-de-privacidad\/","og_site_name":"Sunlife Homes Mallorca","article_modified_time":"2025-05-30T06:08:02+00:00","twitter_card":"summary_large_image","twitter_misc":{"Tiempo de lectura":"1 minuto"},"schema":{"@context":"https:\/\/schema.org","@graph":[{"@type":"WebPage","@id":"https:\/\/sunlifehomes-mallorca.com\/es\/politica-de-privacidad\/","url":"https:\/\/sunlifehomes-mallorca.com\/es\/politica-de-privacidad\/","name":"Pol\u00edtica de privacidad - Sunlife Homes Mallorca","isPartOf":{"@id":"https:\/\/sunlifehomes-mallorca.com\/es\/#website"},"datePublished":"2023-12-07T15:44:35+00:00","dateModified":"2025-05-30T06:08:02+00:00","breadcrumb":{"@id":"https:\/\/sunlifehomes-mallorca.com\/es\/politica-de-privacidad\/#breadcrumb"},"inLanguage":"es","potentialAction":[{"@type":"ReadAction","target":["https:\/\/sunlifehomes-mallorca.com\/es\/politica-de-privacidad\/"]}]},{"@type":"BreadcrumbList","@id":"https:\/\/sunlifehomes-mallorca.com\/es\/politica-de-privacidad\/#breadcrumb","itemListElement":[{"@type":"ListItem","position":1,"name":"Startseite","item":"https:\/\/sunlifehomes-mallorca.com\/es\/"},{"@type":"ListItem","position":2,"name":"Pol\u00edtica de privacidad"}]},{"@type":"WebSite","@id":"https:\/\/sunlifehomes-mallorca.com\/es\/#website","url":"https:\/\/sunlifehomes-mallorca.com\/es\/","name":"Sunlife Homes Mallorca","description":"Real Estate","publisher":{"@id":"https:\/\/sunlifehomes-mallorca.com\/es\/#organization"},"potentialAction":[{"@type":"SearchAction","target":{"@type":"EntryPoint","urlTemplate":"https:\/\/sunlifehomes-mallorca.com\/es\/?s={search_term_string}"},"query-input":{"@type":"PropertyValueSpecification","valueRequired":true,"valueName":"search_term_string"}}],"inLanguage":"es"},{"@type":"Organization","@id":"https:\/\/sunlifehomes-mallorca.com\/es\/#organization","name":"Sunlife Homes Mallorca","url":"https:\/\/sunlifehomes-mallorca.com\/es\/","logo":{"@type":"ImageObject","inLanguage":"es","@id":"https:\/\/sunlifehomes-mallorca.com\/es\/#\/schema\/logo\/image\/","url":"https:\/\/sunlifehomes-mallorca.com\/wp-content\/uploads\/2024\/01\/sunlifehomes_mallorcaV6-animiert.svg","contentUrl":"https:\/\/sunlifehomes-mallorca.com\/wp-content\/uploads\/2024\/01\/sunlifehomes_mallorcaV6-animiert.svg","width":265,"height":62,"caption":"Sunlife Homes Mallorca"},"image":{"@id":"https:\/\/sunlifehomes-mallorca.com\/es\/#\/schema\/logo\/image\/"}}]}},"_links":{"self":[{"href":"https:\/\/sunlifehomes-mallorca.com\/es\/wp-json\/wp\/v2\/pages\/905","targetHints":{"allow":["GET"]}}],"collection":[{"href":"https:\/\/sunlifehomes-mallorca.com\/es\/wp-json\/wp\/v2\/pages"}],"about":[{"href":"https:\/\/sunlifehomes-mallorca.com\/es\/wp-json\/wp\/v2\/types\/page"}],"author":[{"embeddable":true,"href":"https:\/\/sunlifehomes-mallorca.com\/es\/wp-json\/wp\/v2\/users\/1"}],"replies":[{"embeddable":true,"href":"https:\/\/sunlifehomes-mallorca.com\/es\/wp-json\/wp\/v2\/comments?post=905"}],"version-history":[{"count":3,"href":"https:\/\/sunlifehomes-mallorca.com\/es\/wp-json\/wp\/v2\/pages\/905\/revisions"}],"predecessor-version":[{"id":1706,"href":"https:\/\/sunlifehomes-mallorca.com\/es\/wp-json\/wp\/v2\/pages\/905\/revisions\/1706"}],"wp:attachment":[{"href":"https:\/\/sunlifehomes-mallorca.com\/es\/wp-json\/wp\/v2\/media?parent=905"}],"curies":[{"name":"wp","href":"https:\/\/api.w.org\/{rel}","templated":true}]}}