{"id":899,"date":"2024-01-08T13:48:07","date_gmt":"2024-01-08T12:48:07","guid":{"rendered":"https:\/\/sunlifehomes-mallorca.com\/impressum\/"},"modified":"2025-05-30T08:07:13","modified_gmt":"2025-05-30T06:07:13","slug":"aviso-legal","status":"publish","type":"page","link":"https:\/\/sunlifehomes-mallorca.com\/es\/aviso-legal\/","title":{"rendered":"Aviso legal"},"content":{"rendered":"\n<h1 class=\"wp-block-heading\">Aviso legal<\/h1>\n\n\n\n<p><strong>SUNLIFE HOMES MALLORCA S.L.<\/strong><br>Fundadora: Beatrice Bilz<br>Calle Carlos S\u00e1enz de Tejada Garc\u00eda 6<br>C.C. La Vila, Local 2.13<br>07181 Magaluf<\/p>\n\n\n\n<p>Contacto:<br>Tel: (+34) 625 823 279<br>Correo electr\u00f3nico: <a href=\"mailto:info@sunlifehomes-mallorca.com\" target=\"_blank\" rel=\"noreferrer noopener\">info@sunlifehomes-mallorca.com<\/a><\/p>\n\n\n\n<p>NIF: B22456750<br>Agencia Tributaria Palma de Mallorca<\/p>\n","protected":false},"excerpt":{"rendered":"<p>Aviso legal SUNLIFE HOMES MALLORCA S.L.Fundadora: Beatrice BilzCalle Carlos S\u00e1enz de Tejada Garc\u00eda 6C.C. La Vila, Local 2.1307181 Magaluf Contacto:Tel: (+34) 625 823 279Correo electr\u00f3nico: info@sunlifehomes-mallorca.com NIF: B22456750Agencia Tributaria Palma de Mallorca<\/p>\n","protected":false},"author":1,"featured_media":0,"parent":0,"menu_order":0,"comment_status":"closed","ping_status":"closed","template":"","meta":{"footnotes":""},"class_list":["post-899","page","type-page","status-publish","hentry"],"yoast_head":"<!-- This site is optimized with the Yoast SEO plugin v23.9 - https:\/\/yoast.com\/wordpress\/plugins\/seo\/ -->\n<title>Aviso legal - Sunlife Homes Mallorca<\/title>\n<meta name=\"robots\" content=\"index, follow, max-snippet:-1, max-image-preview:large, max-video-preview:-1\" \/>\n<link rel=\"canonical\" href=\"https:\/\/sunlifehomes-mallorca.com\/es\/aviso-legal\/\" \/>\n<meta property=\"og:locale\" content=\"es_ES\" \/>\n<meta property=\"og:type\" content=\"article\" \/>\n<meta property=\"og:title\" content=\"Aviso legal - Sunlife Homes Mallorca\" \/>\n<meta property=\"og:description\" content=\"Aviso legal SUNLIFE HOMES MALLORCA S.L.Fundadora: Beatrice BilzCalle Carlos S\u00e1enz de Tejada Garc\u00eda 6C.C. La Vila, Local 2.1307181 Magaluf Contacto:Tel: (+34) 625 823 279Correo electr\u00f3nico: info@sunlifehomes-mallorca.com NIF: B22456750Agencia Tributaria Palma de Mallorca\" \/>\n<meta property=\"og:url\" content=\"https:\/\/sunlifehomes-mallorca.com\/es\/aviso-legal\/\" \/>\n<meta property=\"og:site_name\" content=\"Sunlife Homes Mallorca\" \/>\n<meta property=\"article:modified_time\" content=\"2025-05-30T06:07:13+00:00\" \/>\n<meta name=\"twitter:card\" content=\"summary_large_image\" \/>\n<meta name=\"twitter:label1\" content=\"Tiempo de lectura\" \/>\n\t<meta name=\"twitter:data1\" content=\"1 minuto\" \/>\n<script type=\"application\/ld+json\" class=\"yoast-schema-graph\">{\"@context\":\"https:\/\/schema.org\",\"@graph\":[{\"@type\":\"WebPage\",\"@id\":\"https:\/\/sunlifehomes-mallorca.com\/es\/aviso-legal\/\",\"url\":\"https:\/\/sunlifehomes-mallorca.com\/es\/aviso-legal\/\",\"name\":\"Aviso legal - Sunlife Homes Mallorca\",\"isPartOf\":{\"@id\":\"https:\/\/sunlifehomes-mallorca.com\/es\/#website\"},\"datePublished\":\"2024-01-08T12:48:07+00:00\",\"dateModified\":\"2025-05-30T06:07:13+00:00\",\"breadcrumb\":{\"@id\":\"https:\/\/sunlifehomes-mallorca.com\/es\/aviso-legal\/#breadcrumb\"},\"inLanguage\":\"es\",\"potentialAction\":[{\"@type\":\"ReadAction\",\"target\":[\"https:\/\/sunlifehomes-mallorca.com\/es\/aviso-legal\/\"]}]},{\"@type\":\"BreadcrumbList\",\"@id\":\"https:\/\/sunlifehomes-mallorca.com\/es\/aviso-legal\/#breadcrumb\",\"itemListElement\":[{\"@type\":\"ListItem\",\"position\":1,\"name\":\"Startseite\",\"item\":\"https:\/\/sunlifehomes-mallorca.com\/es\/\"},{\"@type\":\"ListItem\",\"position\":2,\"name\":\"Aviso legal\"}]},{\"@type\":\"WebSite\",\"@id\":\"https:\/\/sunlifehomes-mallorca.com\/es\/#website\",\"url\":\"https:\/\/sunlifehomes-mallorca.com\/es\/\",\"name\":\"Sunlife Homes Mallorca\",\"description\":\"Real Estate\",\"publisher\":{\"@id\":\"https:\/\/sunlifehomes-mallorca.com\/es\/#organization\"},\"potentialAction\":[{\"@type\":\"SearchAction\",\"target\":{\"@type\":\"EntryPoint\",\"urlTemplate\":\"https:\/\/sunlifehomes-mallorca.com\/es\/?s={search_term_string}\"},\"query-input\":{\"@type\":\"PropertyValueSpecification\",\"valueRequired\":true,\"valueName\":\"search_term_string\"}}],\"inLanguage\":\"es\"},{\"@type\":\"Organization\",\"@id\":\"https:\/\/sunlifehomes-mallorca.com\/es\/#organization\",\"name\":\"Sunlife Homes Mallorca\",\"url\":\"https:\/\/sunlifehomes-mallorca.com\/es\/\",\"logo\":{\"@type\":\"ImageObject\",\"inLanguage\":\"es\",\"@id\":\"https:\/\/sunlifehomes-mallorca.com\/es\/#\/schema\/logo\/image\/\",\"url\":\"https:\/\/sunlifehomes-mallorca.com\/wp-content\/uploads\/2024\/01\/sunlifehomes_mallorcaV6-animiert.svg\",\"contentUrl\":\"https:\/\/sunlifehomes-mallorca.com\/wp-content\/uploads\/2024\/01\/sunlifehomes_mallorcaV6-animiert.svg\",\"width\":265,\"height\":62,\"caption\":\"Sunlife Homes Mallorca\"},\"image\":{\"@id\":\"https:\/\/sunlifehomes-mallorca.com\/es\/#\/schema\/logo\/image\/\"}}]}<\/script>\n<!-- \/ Yoast SEO plugin. -->","yoast_head_json":{"title":"Aviso legal - Sunlife Homes Mallorca","robots":{"index":"index","follow":"follow","max-snippet":"max-snippet:-1","max-image-preview":"max-image-preview:large","max-video-preview":"max-video-preview:-1"},"canonical":"https:\/\/sunlifehomes-mallorca.com\/es\/aviso-legal\/","og_locale":"es_ES","og_type":"article","og_title":"Aviso legal - Sunlife Homes Mallorca","og_description":"Aviso legal SUNLIFE HOMES MALLORCA S.L.Fundadora: Beatrice BilzCalle Carlos S\u00e1enz de Tejada Garc\u00eda 6C.C. La Vila, Local 2.1307181 Magaluf Contacto:Tel: (+34) 625 823 279Correo electr\u00f3nico: info@sunlifehomes-mallorca.com NIF: B22456750Agencia Tributaria Palma de Mallorca","og_url":"https:\/\/sunlifehomes-mallorca.com\/es\/aviso-legal\/","og_site_name":"Sunlife Homes Mallorca","article_modified_time":"2025-05-30T06:07:13+00:00","twitter_card":"summary_large_image","twitter_misc":{"Tiempo de lectura":"1 minuto"},"schema":{"@context":"https:\/\/schema.org","@graph":[{"@type":"WebPage","@id":"https:\/\/sunlifehomes-mallorca.com\/es\/aviso-legal\/","url":"https:\/\/sunlifehomes-mallorca.com\/es\/aviso-legal\/","name":"Aviso legal - Sunlife Homes Mallorca","isPartOf":{"@id":"https:\/\/sunlifehomes-mallorca.com\/es\/#website"},"datePublished":"2024-01-08T12:48:07+00:00","dateModified":"2025-05-30T06:07:13+00:00","breadcrumb":{"@id":"https:\/\/sunlifehomes-mallorca.com\/es\/aviso-legal\/#breadcrumb"},"inLanguage":"es","potentialAction":[{"@type":"ReadAction","target":["https:\/\/sunlifehomes-mallorca.com\/es\/aviso-legal\/"]}]},{"@type":"BreadcrumbList","@id":"https:\/\/sunlifehomes-mallorca.com\/es\/aviso-legal\/#breadcrumb","itemListElement":[{"@type":"ListItem","position":1,"name":"Startseite","item":"https:\/\/sunlifehomes-mallorca.com\/es\/"},{"@type":"ListItem","position":2,"name":"Aviso legal"}]},{"@type":"WebSite","@id":"https:\/\/sunlifehomes-mallorca.com\/es\/#website","url":"https:\/\/sunlifehomes-mallorca.com\/es\/","name":"Sunlife Homes Mallorca","description":"Real Estate","publisher":{"@id":"https:\/\/sunlifehomes-mallorca.com\/es\/#organization"},"potentialAction":[{"@type":"SearchAction","target":{"@type":"EntryPoint","urlTemplate":"https:\/\/sunlifehomes-mallorca.com\/es\/?s={search_term_string}"},"query-input":{"@type":"PropertyValueSpecification","valueRequired":true,"valueName":"search_term_string"}}],"inLanguage":"es"},{"@type":"Organization","@id":"https:\/\/sunlifehomes-mallorca.com\/es\/#organization","name":"Sunlife Homes Mallorca","url":"https:\/\/sunlifehomes-mallorca.com\/es\/","logo":{"@type":"ImageObject","inLanguage":"es","@id":"https:\/\/sunlifehomes-mallorca.com\/es\/#\/schema\/logo\/image\/","url":"https:\/\/sunlifehomes-mallorca.com\/wp-content\/uploads\/2024\/01\/sunlifehomes_mallorcaV6-animiert.svg","contentUrl":"https:\/\/sunlifehomes-mallorca.com\/wp-content\/uploads\/2024\/01\/sunlifehomes_mallorcaV6-animiert.svg","width":265,"height":62,"caption":"Sunlife Homes Mallorca"},"image":{"@id":"https:\/\/sunlifehomes-mallorca.com\/es\/#\/schema\/logo\/image\/"}}]}},"_links":{"self":[{"href":"https:\/\/sunlifehomes-mallorca.com\/es\/wp-json\/wp\/v2\/pages\/899","targetHints":{"allow":["GET"]}}],"collection":[{"href":"https:\/\/sunlifehomes-mallorca.com\/es\/wp-json\/wp\/v2\/pages"}],"about":[{"href":"https:\/\/sunlifehomes-mallorca.com\/es\/wp-json\/wp\/v2\/types\/page"}],"author":[{"embeddable":true,"href":"https:\/\/sunlifehomes-mallorca.com\/es\/wp-json\/wp\/v2\/users\/1"}],"replies":[{"embeddable":true,"href":"https:\/\/sunlifehomes-mallorca.com\/es\/wp-json\/wp\/v2\/comments?post=899"}],"version-history":[{"count":4,"href":"https:\/\/sunlifehomes-mallorca.com\/es\/wp-json\/wp\/v2\/pages\/899\/revisions"}],"predecessor-version":[{"id":1705,"href":"https:\/\/sunlifehomes-mallorca.com\/es\/wp-json\/wp\/v2\/pages\/899\/revisions\/1705"}],"wp:attachment":[{"href":"https:\/\/sunlifehomes-mallorca.com\/es\/wp-json\/wp\/v2\/media?parent=899"}],"curies":[{"name":"wp","href":"https:\/\/api.w.org\/{rel}","templated":true}]}}