{"id":892,"date":"2024-01-12T16:44:48","date_gmt":"2024-01-12T15:44:48","guid":{"rendered":"https:\/\/sunlifehomes-mallorca.com\/detailansicht\/"},"modified":"2024-02-14T19:47:50","modified_gmt":"2024-02-14T18:47:50","slug":"vista-detallada","status":"publish","type":"page","link":"https:\/\/sunlifehomes-mallorca.com\/es\/vista-detallada\/","title":{"rendered":"Vista detallada"},"content":{"rendered":"<div><p>Has abierto la p\u00e1gina de detalles, pero no sabemos qu\u00e9 inmueble mostrar, porque no hay ID del inmueble en la URL. Ve a una lista de inmuebles y abre uno desde all\u00ed.<\/p><\/div>\n","protected":false},"excerpt":{"rendered":"","protected":false},"author":1,"featured_media":0,"parent":0,"menu_order":0,"comment_status":"closed","ping_status":"closed","template":"","meta":{"footnotes":""},"class_list":["post-892","page","type-page","status-publish","hentry"],"yoast_head":"<!-- This site is optimized with the Yoast SEO plugin v23.9 - https:\/\/yoast.com\/wordpress\/plugins\/seo\/ -->\n<title>Vista detallada - Sunlife Homes Mallorca<\/title>\n<meta name=\"robots\" content=\"index, follow, max-snippet:-1, max-image-preview:large, max-video-preview:-1\" \/>\n<link rel=\"canonical\" href=\"https:\/\/sunlifehomes-mallorca.com\/es\/vista-detallada\/\" \/>\n<meta property=\"og:locale\" content=\"es_ES\" \/>\n<meta property=\"og:type\" content=\"article\" \/>\n<meta property=\"og:title\" content=\"Vista detallada - Sunlife Homes Mallorca\" \/>\n<meta property=\"og:url\" content=\"https:\/\/sunlifehomes-mallorca.com\/es\/vista-detallada\/\" \/>\n<meta property=\"og:site_name\" content=\"Sunlife Homes Mallorca\" \/>\n<meta property=\"article:modified_time\" content=\"2024-02-14T18:47:50+00:00\" \/>\n<meta name=\"twitter:card\" content=\"summary_large_image\" \/>\n<script type=\"application\/ld+json\" class=\"yoast-schema-graph\">{\"@context\":\"https:\/\/schema.org\",\"@graph\":[{\"@type\":\"WebPage\",\"@id\":\"https:\/\/sunlifehomes-mallorca.com\/es\/vista-detallada\/\",\"url\":\"https:\/\/sunlifehomes-mallorca.com\/es\/vista-detallada\/\",\"name\":\"Vista detallada - Sunlife Homes Mallorca\",\"isPartOf\":{\"@id\":\"https:\/\/sunlifehomes-mallorca.com\/es\/#website\"},\"datePublished\":\"2024-01-12T15:44:48+00:00\",\"dateModified\":\"2024-02-14T18:47:50+00:00\",\"breadcrumb\":{\"@id\":\"https:\/\/sunlifehomes-mallorca.com\/es\/vista-detallada\/#breadcrumb\"},\"inLanguage\":\"es\",\"potentialAction\":[{\"@type\":\"ReadAction\",\"target\":[\"https:\/\/sunlifehomes-mallorca.com\/es\/vista-detallada\/\"]}]},{\"@type\":\"BreadcrumbList\",\"@id\":\"https:\/\/sunlifehomes-mallorca.com\/es\/vista-detallada\/#breadcrumb\",\"itemListElement\":[{\"@type\":\"ListItem\",\"position\":1,\"name\":\"Startseite\",\"item\":\"https:\/\/sunlifehomes-mallorca.com\/es\/\"},{\"@type\":\"ListItem\",\"position\":2,\"name\":\"Vista detallada\"}]},{\"@type\":\"WebSite\",\"@id\":\"https:\/\/sunlifehomes-mallorca.com\/es\/#website\",\"url\":\"https:\/\/sunlifehomes-mallorca.com\/es\/\",\"name\":\"Sunlife Homes Mallorca\",\"description\":\"Real Estate\",\"publisher\":{\"@id\":\"https:\/\/sunlifehomes-mallorca.com\/es\/#organization\"},\"potentialAction\":[{\"@type\":\"SearchAction\",\"target\":{\"@type\":\"EntryPoint\",\"urlTemplate\":\"https:\/\/sunlifehomes-mallorca.com\/es\/?s={search_term_string}\"},\"query-input\":{\"@type\":\"PropertyValueSpecification\",\"valueRequired\":true,\"valueName\":\"search_term_string\"}}],\"inLanguage\":\"es\"},{\"@type\":\"Organization\",\"@id\":\"https:\/\/sunlifehomes-mallorca.com\/es\/#organization\",\"name\":\"Sunlife Homes Mallorca\",\"url\":\"https:\/\/sunlifehomes-mallorca.com\/es\/\",\"logo\":{\"@type\":\"ImageObject\",\"inLanguage\":\"es\",\"@id\":\"https:\/\/sunlifehomes-mallorca.com\/es\/#\/schema\/logo\/image\/\",\"url\":\"https:\/\/sunlifehomes-mallorca.com\/wp-content\/uploads\/2024\/01\/sunlifehomes_mallorcaV6-animiert.svg\",\"contentUrl\":\"https:\/\/sunlifehomes-mallorca.com\/wp-content\/uploads\/2024\/01\/sunlifehomes_mallorcaV6-animiert.svg\",\"width\":265,\"height\":62,\"caption\":\"Sunlife Homes Mallorca\"},\"image\":{\"@id\":\"https:\/\/sunlifehomes-mallorca.com\/es\/#\/schema\/logo\/image\/\"}}]}<\/script>\n<!-- \/ Yoast SEO plugin. -->","yoast_head_json":{"title":"Vista detallada - Sunlife Homes Mallorca","robots":{"index":"index","follow":"follow","max-snippet":"max-snippet:-1","max-image-preview":"max-image-preview:large","max-video-preview":"max-video-preview:-1"},"canonical":"https:\/\/sunlifehomes-mallorca.com\/es\/vista-detallada\/","og_locale":"es_ES","og_type":"article","og_title":"Vista detallada - Sunlife Homes Mallorca","og_url":"https:\/\/sunlifehomes-mallorca.com\/es\/vista-detallada\/","og_site_name":"Sunlife Homes Mallorca","article_modified_time":"2024-02-14T18:47:50+00:00","twitter_card":"summary_large_image","schema":{"@context":"https:\/\/schema.org","@graph":[{"@type":"WebPage","@id":"https:\/\/sunlifehomes-mallorca.com\/es\/vista-detallada\/","url":"https:\/\/sunlifehomes-mallorca.com\/es\/vista-detallada\/","name":"Vista detallada - Sunlife Homes Mallorca","isPartOf":{"@id":"https:\/\/sunlifehomes-mallorca.com\/es\/#website"},"datePublished":"2024-01-12T15:44:48+00:00","dateModified":"2024-02-14T18:47:50+00:00","breadcrumb":{"@id":"https:\/\/sunlifehomes-mallorca.com\/es\/vista-detallada\/#breadcrumb"},"inLanguage":"es","potentialAction":[{"@type":"ReadAction","target":["https:\/\/sunlifehomes-mallorca.com\/es\/vista-detallada\/"]}]},{"@type":"BreadcrumbList","@id":"https:\/\/sunlifehomes-mallorca.com\/es\/vista-detallada\/#breadcrumb","itemListElement":[{"@type":"ListItem","position":1,"name":"Startseite","item":"https:\/\/sunlifehomes-mallorca.com\/es\/"},{"@type":"ListItem","position":2,"name":"Vista detallada"}]},{"@type":"WebSite","@id":"https:\/\/sunlifehomes-mallorca.com\/es\/#website","url":"https:\/\/sunlifehomes-mallorca.com\/es\/","name":"Sunlife Homes Mallorca","description":"Real Estate","publisher":{"@id":"https:\/\/sunlifehomes-mallorca.com\/es\/#organization"},"potentialAction":[{"@type":"SearchAction","target":{"@type":"EntryPoint","urlTemplate":"https:\/\/sunlifehomes-mallorca.com\/es\/?s={search_term_string}"},"query-input":{"@type":"PropertyValueSpecification","valueRequired":true,"valueName":"search_term_string"}}],"inLanguage":"es"},{"@type":"Organization","@id":"https:\/\/sunlifehomes-mallorca.com\/es\/#organization","name":"Sunlife Homes Mallorca","url":"https:\/\/sunlifehomes-mallorca.com\/es\/","logo":{"@type":"ImageObject","inLanguage":"es","@id":"https:\/\/sunlifehomes-mallorca.com\/es\/#\/schema\/logo\/image\/","url":"https:\/\/sunlifehomes-mallorca.com\/wp-content\/uploads\/2024\/01\/sunlifehomes_mallorcaV6-animiert.svg","contentUrl":"https:\/\/sunlifehomes-mallorca.com\/wp-content\/uploads\/2024\/01\/sunlifehomes_mallorcaV6-animiert.svg","width":265,"height":62,"caption":"Sunlife Homes Mallorca"},"image":{"@id":"https:\/\/sunlifehomes-mallorca.com\/es\/#\/schema\/logo\/image\/"}}]}},"_links":{"self":[{"href":"https:\/\/sunlifehomes-mallorca.com\/es\/wp-json\/wp\/v2\/pages\/892","targetHints":{"allow":["GET"]}}],"collection":[{"href":"https:\/\/sunlifehomes-mallorca.com\/es\/wp-json\/wp\/v2\/pages"}],"about":[{"href":"https:\/\/sunlifehomes-mallorca.com\/es\/wp-json\/wp\/v2\/types\/page"}],"author":[{"embeddable":true,"href":"https:\/\/sunlifehomes-mallorca.com\/es\/wp-json\/wp\/v2\/users\/1"}],"replies":[{"embeddable":true,"href":"https:\/\/sunlifehomes-mallorca.com\/es\/wp-json\/wp\/v2\/comments?post=892"}],"version-history":[{"count":2,"href":"https:\/\/sunlifehomes-mallorca.com\/es\/wp-json\/wp\/v2\/pages\/892\/revisions"}],"predecessor-version":[{"id":894,"href":"https:\/\/sunlifehomes-mallorca.com\/es\/wp-json\/wp\/v2\/pages\/892\/revisions\/894"}],"wp:attachment":[{"href":"https:\/\/sunlifehomes-mallorca.com\/es\/wp-json\/wp\/v2\/media?parent=892"}],"curies":[{"name":"wp","href":"https:\/\/api.w.org\/{rel}","templated":true}]}}